{"id":464,"date":"2021-05-04T09:54:46","date_gmt":"2021-05-04T07:54:46","guid":{"rendered":"http:\/\/download.nastribrizzolari.com\/?page_id=464"},"modified":"2021-05-05T09:49:25","modified_gmt":"2021-05-05T07:49:25","slug":"solicitar-catalogos-en-papel","status":"publish","type":"page","link":"https:\/\/download.nastribrizzolari.com\/es\/solicitar-catalogos-en-papel\/","title":{"rendered":"Solicitar cat\u00e1logos en papel"},"content":{"rendered":"<div class=\"wpb-content-wrapper\"><p>[vc_row][vc_column][vc_column_text]<\/p>\n<p style=\"text-align: center;\"><strong>\u00bfDESEA SOLICITAR NUESTRO CAT\u00c1LOGO EN PAPEL O NUESTROS DVD?<\/strong><br \/>\nPuede solicitar el env\u00edo de los cat\u00e1logos y\/o del DVD, cumplimentando el formulario de la derecha.<br \/>\nLos DVD disponibles son DVD Cat\u00e1logo general e DVD Curso b\u00e1sico para envolver regalos.<\/p>\n<p>[\/vc_column_text][vc_empty_space][vc_row_inner][vc_column_inner offset=\u00bbvc_col-lg-offset-2 vc_col-lg-8 vc_col-md-offset-1 vc_col-md-10&#8243;]\n<div class=\"wpcf7 no-js\" id=\"wpcf7-f416-o1\" lang=\"es-ES\" dir=\"ltr\" data-wpcf7-id=\"416\">\n<div class=\"screen-reader-response\"><p role=\"status\" aria-live=\"polite\" aria-atomic=\"true\"><\/p> <ul><\/ul><\/div>\n<form action=\"\/es\/wp-json\/wp\/v2\/pages\/464#wpcf7-f416-o1\" method=\"post\" class=\"wpcf7-form init\" aria-label=\"Formulario de contacto\" novalidate=\"novalidate\" data-status=\"init\">\n<fieldset class=\"hidden-fields-container\"><input type=\"hidden\" name=\"_wpcf7\" value=\"416\" \/><input type=\"hidden\" name=\"_wpcf7_version\" value=\"6.1.5\" \/><input type=\"hidden\" name=\"_wpcf7_locale\" value=\"es_ES\" \/><input type=\"hidden\" name=\"_wpcf7_unit_tag\" value=\"wpcf7-f416-o1\" \/><input type=\"hidden\" name=\"_wpcf7_container_post\" value=\"0\" \/><input type=\"hidden\" name=\"_wpcf7_posted_data_hash\" value=\"\" \/><input type=\"hidden\" name=\"_wpcf7cf_hidden_group_fields\" value=\"[]\" \/><input type=\"hidden\" name=\"_wpcf7cf_hidden_groups\" value=\"[]\" \/><input type=\"hidden\" name=\"_wpcf7cf_visible_groups\" value=\"[]\" \/><input type=\"hidden\" name=\"_wpcf7cf_repeaters\" value=\"[]\" \/><input type=\"hidden\" name=\"_wpcf7cf_steps\" value=\"{}\" \/><input type=\"hidden\" name=\"_wpcf7cf_options\" value=\"{&quot;form_id&quot;:416,&quot;conditions&quot;:[{&quot;then_field&quot;:&quot;download-grossisti&quot;,&quot;and_rules&quot;:[{&quot;if_field&quot;:&quot;tipologia&quot;,&quot;operator&quot;:&quot;equals&quot;,&quot;if_value&quot;:&quot;Distribuidor mayorista&quot;}]},{&quot;then_field&quot;:&quot;download-dettaglio&quot;,&quot;and_rules&quot;:[{&quot;if_field&quot;:&quot;tipologia&quot;,&quot;operator&quot;:&quot;equals&quot;,&quot;if_value&quot;:&quot;Distribuidor minorista&quot;}]}],&quot;settings&quot;:{&quot;animation&quot;:&quot;yes&quot;,&quot;animation_intime&quot;:200,&quot;animation_outtime&quot;:200,&quot;conditions_ui&quot;:&quot;normal&quot;,&quot;notice_dismissed&quot;:false,&quot;repeater_remove_button&quot;:&quot;bottom&quot;,&quot;notice_dismissed_rollback-cf7-5.4.1&quot;:true,&quot;notice_dismissed_update-cf7-5.6&quot;:true,&quot;notice_dismissed_rollback-cf7-5.7.1&quot;:true,&quot;notice_dismissed_rollback-cf7-5.7.6&quot;:true,&quot;notice_dismissed_rollback-cf7-5.8.7&quot;:true,&quot;notice_dismissed_rollback-cf7-5.9.5&quot;:true}}\" \/><input type=\"hidden\" name=\"_wpcf7dtx_version\" value=\"5.0.5\" \/><input type=\"hidden\" name=\"_wpcf7_recaptcha_response\" value=\"\" \/>\n<\/fieldset>\n<input class=\"wpcf7-form-control wpcf7-hidden\" value=\"\" type=\"hidden\" name=\"utm_campaign\" \/>\n<input class=\"wpcf7-form-control wpcf7-hidden\" value=\"\" type=\"hidden\" name=\"utm_source\" \/>\n<input class=\"wpcf7-form-control wpcf7-hidden\" value=\"\" type=\"hidden\" name=\"utm_medium\" \/>\n<input class=\"wpcf7-form-control wpcf7-hidden\" value=\"\" type=\"hidden\" name=\"utm_content\" \/>\n<input class=\"wpcf7-form-control wpcf7-hidden\" value=\"\" type=\"hidden\" name=\"url_lead\" \/>\n<input class=\"wpcf7-form-control wpcf7-hidden\" value=\"download\" type=\"hidden\" name=\"lc_list_name\" \/>\n<div class=\"vc_row wpb_row vc_inner vc_row-fluid\">\n\t<div class=\"wpb_column vc_column_container vc_col-sm-6\">\n\t\t<div class=\"wpb_wrapper\">\n\t\t\t<div class=\"wpb_text_column wpb_content_element \">\n\t\t\t\t<div class=\"wpb_wrapper\">\n\t\t\t\t\t<p>Usted es un: *\n\t\t\t\t\t<\/p>\n\t\t\t\t\t<p><span class=\"wpcf7-form-control-wrap\" data-name=\"tipologia\"><select class=\"wpcf7-form-control wpcf7-select wpcf7-validates-as-required\" aria-required=\"true\" aria-invalid=\"false\" name=\"tipologia\"><option value=\"\">&#8212;Por favor, elige una opci\u00f3n&#8212;<\/option><option value=\"Distribuidor mayorista\">Distribuidor mayorista<\/option><option value=\"Distribuidor minorista\">Distribuidor minorista<\/option><\/select><\/span>\n\t\t\t\t\t<\/p>\n\t\t\t\t\t<p>En que sector es su empresa?*\n\t\t\t\t\t<\/p>\n\t\t\t\t\t<p><span class=\"wpcf7-form-control-wrap\" data-name=\"settore-merceologico\"><select class=\"wpcf7-form-control wpcf7-select wpcf7-validates-as-required\" aria-required=\"true\" aria-invalid=\"false\" name=\"settore-merceologico\"><option value=\"\">&#8212;Por favor, elige una opci\u00f3n&#8212;<\/option><option value=\"Papeler\u00eda \/ Librer\u00edas \/ Estancos\">Papeler\u00eda \/ Librer\u00edas \/ Estancos<\/option><option value=\"Florister\u00edas \/ Viveros \/ Centro de jardiner\u00eda\">Florister\u00edas \/ Viveros \/ Centro de jardiner\u00eda<\/option><option value=\"Confiter\u00eda \/ Alimentos\">Confiter\u00eda \/ Alimentos<\/option><option value=\"Productores de Alimentos y Vino\">Productores de Alimentos y Vino<\/option><option value=\"Ropa \/ Calzado \/ Regalos\">Ropa \/ Calzado \/ Regalos<\/option><option value=\"Joyeros\">Joyeros<\/option><option value=\"Tejer\">Tejer<\/option><option value=\"Wine Bar \/ Restaurante \/ Bar\">Wine Bar \/ Restaurante \/ Bar<\/option><option value=\"Planificador de bodas \/ Eventos \/ Bomboneras\">Planificador de bodas \/ Eventos \/ Bomboneras<\/option><option value=\"Agencias de marketing\">Agencias de marketing<\/option><option value=\"Salud \/ Hierbas \/ Cosm\u00e9ticos\">Salud \/ Hierbas \/ Cosm\u00e9ticos<\/option><option value=\"Concesionarios de autom\u00f3viles\">Concesionarios de autom\u00f3viles<\/option><option value=\"Otro\">Otro<\/option><\/select><\/span>\n\t\t\t\t\t<\/p>\n\t\t\t\t\t<p>Raz\u00f3n social (obligatorio)<br \/>\n<span class=\"wpcf7-form-control-wrap\" data-name=\"ragione-sociale\"><input size=\"40\" maxlength=\"400\" class=\"wpcf7-form-control wpcf7-text wpcf7-validates-as-required\" aria-required=\"true\" aria-invalid=\"false\" value=\"\" type=\"text\" name=\"ragione-sociale\" \/><\/span>\n\t\t\t\t\t<\/p>\n\t\t\t\t\t<p>Direcci\u00f3n (obligatorio)<br \/>\n<span class=\"wpcf7-form-control-wrap\" data-name=\"indirizzo\"><input size=\"40\" maxlength=\"400\" class=\"wpcf7-form-control wpcf7-text wpcf7-validates-as-required\" aria-required=\"true\" aria-invalid=\"false\" value=\"\" type=\"text\" name=\"indirizzo\" \/><\/span>\n\t\t\t\t\t<\/p>\n\t\t\t\t\t<p>CP (obligatorio)<br \/>\n<span class=\"wpcf7-form-control-wrap\" data-name=\"cap\"><input size=\"40\" maxlength=\"400\" class=\"wpcf7-form-control wpcf7-text wpcf7-validates-as-required\" aria-required=\"true\" aria-invalid=\"false\" value=\"\" type=\"text\" name=\"cap\" \/><\/span>\n\t\t\t\t\t<\/p>\n\t\t\t\t\t<p>Ciudad (obligatorio)<br \/>\n<span class=\"wpcf7-form-control-wrap\" data-name=\"citta\"><input size=\"40\" maxlength=\"400\" class=\"wpcf7-form-control wpcf7-text wpcf7-validates-as-required\" aria-required=\"true\" aria-invalid=\"false\" value=\"\" type=\"text\" name=\"citta\" \/><\/span>\n\t\t\t\t\t<\/p>\n\t\t\t\t\t<p>Su e-mail (obligatorio)<br \/>\n<span class=\"wpcf7-form-control-wrap\" data-name=\"your-email\"><input size=\"40\" maxlength=\"400\" class=\"wpcf7-form-control wpcf7-email wpcf7-validates-as-required wpcf7-text wpcf7-validates-as-email\" aria-required=\"true\" aria-invalid=\"false\" value=\"\" type=\"email\" name=\"your-email\" \/><\/span>\n\t\t\t\t\t<\/p>\n\t\t\t\t\t<p>Tel\u00e9fono<br \/>\n<span class=\"wpcf7-form-control-wrap\" data-name=\"telefono\"><input size=\"40\" maxlength=\"400\" class=\"wpcf7-form-control wpcf7-tel wpcf7-text wpcf7-validates-as-tel\" aria-invalid=\"false\" value=\"\" type=\"tel\" name=\"telefono\" \/><\/span>\n\t\t\t\t\t<\/p>\n\t\t\t\t<\/div>\n\t\t\t<\/div>\n\t\t<\/div>\n\t<\/div>\n\t<div class=\"wpb_column vc_column_container vc_col-sm-6\">\n\t\t<div class=\"wpb_wrapper\">\n\t\t\t<div class=\"wpb_text_column wpb_content_element \">\n\t\t\t\t<div class=\"wpb_wrapper\">\n\t\t\t\t\t<div data-id=\"download-grossisti\" data-orig_data_id=\"download-grossisti\"  class=\"\" data-class=\"wpcf7cf_group\">\n\t\t\t\t\t\t<p><strong>Deseo recibir<\/strong><br \/>\n<span class=\"wpcf7-form-control-wrap\" data-name=\"tipo-richiesta\"><span class=\"wpcf7-form-control wpcf7-checkbox wpcf7-validates-as-required\"><span class=\"wpcf7-list-item first\"><label><input type=\"checkbox\" name=\"tipo-richiesta[]\" value=\"Cat\u00e1logo general Brizzolari\" \/><span class=\"wpcf7-list-item-label\">Cat\u00e1logo general Brizzolari<\/span><\/label><\/span><span class=\"wpcf7-list-item\"><label><input type=\"checkbox\" name=\"tipo-richiesta[]\" value=\"Cat\u00e1logo TUOribbon\" \/><span class=\"wpcf7-list-item-label\">Cat\u00e1logo TUOribbon<\/span><\/label><\/span><span class=\"wpcf7-list-item\"><label><input type=\"checkbox\" name=\"tipo-richiesta[]\" value=\"Cat\u00e1logo TUOlace\" \/><span class=\"wpcf7-list-item-label\">Cat\u00e1logo TUOlace<\/span><\/label><\/span><span class=\"wpcf7-list-item\"><label><input type=\"checkbox\" name=\"tipo-richiesta[]\" value=\"Cat\u00e1logo Green&amp;Glam\" \/><span class=\"wpcf7-list-item-label\">Cat\u00e1logo Green&amp;Glam<\/span><\/label><\/span><span class=\"wpcf7-list-item\"><label><input type=\"checkbox\" name=\"tipo-richiesta[]\" value=\"Cat\u00e1logo Cintas personalizadas\" \/><span class=\"wpcf7-list-item-label\">Cat\u00e1logo Cintas personalizadas<\/span><\/label><\/span><span class=\"wpcf7-list-item\"><label><input type=\"checkbox\" name=\"tipo-richiesta[]\" value=\"Cat\u00e1logo JAR\" \/><span class=\"wpcf7-list-item-label\">Cat\u00e1logo JAR<\/span><\/label><\/span><span class=\"wpcf7-list-item\"><label><input type=\"checkbox\" name=\"tipo-richiesta[]\" value=\"Cat\u00e1logo Eventos\" \/><span class=\"wpcf7-list-item-label\">Cat\u00e1logo Eventos<\/span><\/label><\/span><span class=\"wpcf7-list-item last\"><label><input type=\"checkbox\" name=\"tipo-richiesta[]\" value=\"DVD Curso b\u00e1sico para envolver regalos\" \/><span class=\"wpcf7-list-item-label\">DVD Curso b\u00e1sico para envolver regalos<\/span><\/label><\/span><\/span><\/span>\n\t\t\t\t\t\t<\/p>\n\t\t\t\t\t<\/div>\n\t\t\t\t\t<div data-id=\"download-dettaglio\" data-orig_data_id=\"download-dettaglio\"  class=\"\" data-class=\"wpcf7cf_group\">\n\t\t\t\t\t\t<p><strong>Deseo recibir<\/strong><br \/>\n<span class=\"wpcf7-form-control-wrap\" data-name=\"tipo-richiesta\"><span class=\"wpcf7-form-control wpcf7-checkbox wpcf7-validates-as-required\"><span class=\"wpcf7-list-item first\"><label><input type=\"checkbox\" name=\"tipo-richiesta[]\" value=\"Cat\u00e1logo Detalle BRIZZOLARI\" \/><span class=\"wpcf7-list-item-label\">Cat\u00e1logo Detalle BRIZZOLARI<\/span><\/label><\/span><span class=\"wpcf7-list-item\"><label><input type=\"checkbox\" name=\"tipo-richiesta[]\" value=\"Cat\u00e1logo Detalle BRIZZOLARI Plus\" \/><span class=\"wpcf7-list-item-label\">Cat\u00e1logo Detalle BRIZZOLARI Plus<\/span><\/label><\/span><span class=\"wpcf7-list-item\"><label><input type=\"checkbox\" name=\"tipo-richiesta[]\" value=\"Cat\u00e0logo Cintas Ecologicas\" \/><span class=\"wpcf7-list-item-label\">Cat\u00e0logo Cintas Ecologicas<\/span><\/label><\/span><span class=\"wpcf7-list-item\"><label><input type=\"checkbox\" name=\"tipo-richiesta[]\" value=\"Cat\u00e1logo TUOribbon\" \/><span class=\"wpcf7-list-item-label\">Cat\u00e1logo TUOribbon<\/span><\/label><\/span><span class=\"wpcf7-list-item\"><label><input type=\"checkbox\" name=\"tipo-richiesta[]\" value=\"Cat\u00e1logo TUOlace\" \/><span class=\"wpcf7-list-item-label\">Cat\u00e1logo TUOlace<\/span><\/label><\/span><span class=\"wpcf7-list-item\"><label><input type=\"checkbox\" name=\"tipo-richiesta[]\" value=\"Cat\u00e1logo Green&amp;Glam\" \/><span class=\"wpcf7-list-item-label\">Cat\u00e1logo Green&amp;Glam<\/span><\/label><\/span><span class=\"wpcf7-list-item\"><label><input type=\"checkbox\" name=\"tipo-richiesta[]\" value=\"Cat\u00e1logo Cintas personalizadas\" \/><span class=\"wpcf7-list-item-label\">Cat\u00e1logo Cintas personalizadas<\/span><\/label><\/span><span class=\"wpcf7-list-item\"><label><input type=\"checkbox\" name=\"tipo-richiesta[]\" value=\"Cat\u00e1logo JAR\" \/><span class=\"wpcf7-list-item-label\">Cat\u00e1logo JAR<\/span><\/label><\/span><span class=\"wpcf7-list-item last\"><label><input type=\"checkbox\" name=\"tipo-richiesta[]\" value=\"DVD Curso b\u00e1sico para envolver regalos\" \/><span class=\"wpcf7-list-item-label\">DVD Curso b\u00e1sico para envolver regalos<\/span><\/label><\/span><\/span><\/span>\n\t\t\t\t\t\t<\/p>\n\t\t\t\t\t<\/div>\n\t\t\t\t\t<p>Notas<br \/>\n<span class=\"wpcf7-form-control-wrap\" data-name=\"your-message\"><textarea cols=\"40\" rows=\"10\" maxlength=\"2000\" class=\"wpcf7-form-control wpcf7-textarea\" aria-invalid=\"false\" name=\"your-message\"><\/textarea><\/span>\n\t\t\t\t\t<\/p>\n\t\t\t\t\t<p class=\"informativa\"><span class=\"wpcf7-form-control-wrap\" data-name=\"privacy\"><span class=\"wpcf7-form-control wpcf7-checkbox wpcf7-validates-as-required infoPrivacy\"><span class=\"wpcf7-list-item first last\"><input type=\"checkbox\" name=\"privacy[]\" value=\"Autorizo el procesamiento de mis datos personales, de acuerdo con las leyes de privacidad vigentes (Reglamento Europeo No. 679\/16), de acuerdo con los prop\u00f3sitos y m\u00e9todos indicados en su declaraci\u00f3n.\" \/><span class=\"wpcf7-list-item-label\">Autorizo el procesamiento de mis datos personales, de acuerdo con las leyes de privacidad vigentes (Reglamento Europeo No. 679\/16), de acuerdo con los prop\u00f3sitos y m\u00e9todos indicados en su declaraci\u00f3n.<\/span><\/span><\/span><\/span><br \/>\n<a href=\"\/es\/privacy-policy\/\" target=\"_blank\"><b>Pol\u00edtica de privacidad<\/b><\/a>\n\t\t\t\t\t<\/p>\n\t\t\t\t\t<p><input class=\"wpcf7-form-control wpcf7-submit has-spinner\" type=\"submit\" value=\"Enviar solicitud &rsaquo;\" \/>\n\t\t\t\t\t<\/p>\n\t\t\t\t<\/div>\n\t\t\t<\/div>\n\t\t<\/div>\n\t<\/div>\n<\/div><div class=\"wpcf7-response-output\" aria-hidden=\"true\"><\/div>\n<\/form>\n<\/div>\n[\/vc_column_inner][\/vc_row_inner][\/vc_column][\/vc_row]<\/p>\n<\/div>","protected":false},"excerpt":{"rendered":"<p>[vc_row][vc_column][vc_column_text] \u00bfDESEA SOLICITAR NUESTRO CAT\u00c1LOGO EN PAPEL O NUESTROS DVD? Puede solicitar el env\u00edo de los cat\u00e1logos y\/o del DVD, cumplimentando el formulario de la derecha. Los DVD disponibles son DVD Cat\u00e1logo general e DVD Curso b\u00e1sico para envolver regalos. [\/vc_column_text][vc_empty_space][vc_row_inner][vc_column_inner offset=\u00bbvc_col-lg-offset-2 vc_col-lg-8 vc_col-md-offset-1 vc_col-md-10&#8243;][\/vc_column_inner][\/vc_row_inner][\/vc_column][\/vc_row]<\/p>\n","protected":false},"author":1,"featured_media":0,"parent":0,"menu_order":0,"comment_status":"closed","ping_status":"closed","template":"","meta":{"footnotes":""},"class_list":["post-464","page","type-page","status-publish","hentry","description-off"],"yoast_head":"<!-- This site is optimized with the Yoast SEO plugin v27.5 - https:\/\/yoast.com\/product\/yoast-seo-wordpress\/ -->\n<title>Solicitud de cat\u00e1logos de papel Nastri Brizzolari<\/title>\n<meta name=\"description\" content=\"\u00bfQuieres solicitar los cat\u00e1logos en papel de Nastri Brizzolari? Rellena el formulario y los recibir\u00e1s en unos d\u00edas laborables.\" \/>\n<meta name=\"robots\" content=\"index, follow, max-snippet:-1, max-image-preview:large, max-video-preview:-1\" \/>\n<link rel=\"canonical\" href=\"https:\/\/download.nastribrizzolari.com\/es\/solicitar-catalogos-en-papel\/\" \/>\n<meta property=\"og:locale\" content=\"es_ES\" \/>\n<meta property=\"og:type\" content=\"article\" \/>\n<meta property=\"og:title\" content=\"Solicitud de cat\u00e1logos de papel Nastri Brizzolari\" \/>\n<meta property=\"og:description\" content=\"\u00bfQuieres solicitar los cat\u00e1logos en papel de Nastri Brizzolari? Rellena el formulario y los recibir\u00e1s en unos d\u00edas laborables.\" \/>\n<meta property=\"og:url\" content=\"https:\/\/download.nastribrizzolari.com\/es\/solicitar-catalogos-en-papel\/\" \/>\n<meta property=\"og:site_name\" content=\"Nastri Brizzolari Area riservata\" \/>\n<meta property=\"article:publisher\" content=\"https:\/\/www.facebook.com\/brizzolariribbons\/\" \/>\n<meta property=\"article:modified_time\" content=\"2021-05-05T07:49:25+00:00\" \/>\n<meta name=\"twitter:card\" content=\"summary_large_image\" \/>\n<meta name=\"twitter:label1\" content=\"Tiempo de lectura\" \/>\n\t<meta name=\"twitter:data1\" content=\"1 minuto\" \/>\n<script type=\"application\/ld+json\" class=\"yoast-schema-graph\">{\"@context\":\"https:\\\/\\\/schema.org\",\"@graph\":[{\"@type\":\"WebPage\",\"@id\":\"https:\\\/\\\/download.nastribrizzolari.com\\\/es\\\/solicitar-catalogos-en-papel\\\/\",\"url\":\"https:\\\/\\\/download.nastribrizzolari.com\\\/es\\\/solicitar-catalogos-en-papel\\\/\",\"name\":\"Solicitud de cat\u00e1logos de papel Nastri Brizzolari\",\"isPartOf\":{\"@id\":\"https:\\\/\\\/download.nastribrizzolari.com\\\/es\\\/#website\"},\"datePublished\":\"2021-05-04T07:54:46+00:00\",\"dateModified\":\"2021-05-05T07:49:25+00:00\",\"description\":\"\u00bfQuieres solicitar los cat\u00e1logos en papel de Nastri Brizzolari? Rellena el formulario y los recibir\u00e1s en unos d\u00edas laborables.\",\"breadcrumb\":{\"@id\":\"https:\\\/\\\/download.nastribrizzolari.com\\\/es\\\/solicitar-catalogos-en-papel\\\/#breadcrumb\"},\"inLanguage\":\"es\",\"potentialAction\":[{\"@type\":\"ReadAction\",\"target\":[\"https:\\\/\\\/download.nastribrizzolari.com\\\/es\\\/solicitar-catalogos-en-papel\\\/\"]}]},{\"@type\":\"BreadcrumbList\",\"@id\":\"https:\\\/\\\/download.nastribrizzolari.com\\\/es\\\/solicitar-catalogos-en-papel\\\/#breadcrumb\",\"itemListElement\":[{\"@type\":\"ListItem\",\"position\":1,\"name\":\"Home\",\"item\":\"https:\\\/\\\/download.nastribrizzolari.com\\\/es\\\/\"},{\"@type\":\"ListItem\",\"position\":2,\"name\":\"Solicitar cat\u00e1logos en papel\"}]},{\"@type\":\"WebSite\",\"@id\":\"https:\\\/\\\/download.nastribrizzolari.com\\\/es\\\/#website\",\"url\":\"https:\\\/\\\/download.nastribrizzolari.com\\\/es\\\/\",\"name\":\"Nastri Brizzolari Area riservata\",\"description\":\"Area riservata download\",\"publisher\":{\"@id\":\"https:\\\/\\\/download.nastribrizzolari.com\\\/es\\\/#organization\"},\"potentialAction\":[{\"@type\":\"SearchAction\",\"target\":{\"@type\":\"EntryPoint\",\"urlTemplate\":\"https:\\\/\\\/download.nastribrizzolari.com\\\/es\\\/?s={search_term_string}\"},\"query-input\":{\"@type\":\"PropertyValueSpecification\",\"valueRequired\":true,\"valueName\":\"search_term_string\"}}],\"inLanguage\":\"es\"},{\"@type\":\"Organization\",\"@id\":\"https:\\\/\\\/download.nastribrizzolari.com\\\/es\\\/#organization\",\"name\":\"FRANCESCO BRIZZOLARI SRL\",\"url\":\"https:\\\/\\\/download.nastribrizzolari.com\\\/es\\\/\",\"logo\":{\"@type\":\"ImageObject\",\"inLanguage\":\"es\",\"@id\":\"https:\\\/\\\/download.nastribrizzolari.com\\\/es\\\/#\\\/schema\\\/logo\\\/image\\\/\",\"url\":\"https:\\\/\\\/download.nastribrizzolari.com\\\/wp-content\\\/uploads\\\/2021\\\/05\\\/logo-brizzolari.png\",\"contentUrl\":\"https:\\\/\\\/download.nastribrizzolari.com\\\/wp-content\\\/uploads\\\/2021\\\/05\\\/logo-brizzolari.png\",\"width\":296,\"height\":90,\"caption\":\"FRANCESCO BRIZZOLARI SRL\"},\"image\":{\"@id\":\"https:\\\/\\\/download.nastribrizzolari.com\\\/es\\\/#\\\/schema\\\/logo\\\/image\\\/\"},\"sameAs\":[\"https:\\\/\\\/www.facebook.com\\\/brizzolariribbons\\\/\",\"https:\\\/\\\/www.instagram.com\\\/nastribrizzolari\\\/\",\"https:\\\/\\\/it.pinterest.com\\\/brizzolaripin\\\/\",\"https:\\\/\\\/www.youtube.com\\\/user\\\/NastriBrizzolari\"]}]}<\/script>\n<!-- \/ Yoast SEO plugin. -->","yoast_head_json":{"title":"Solicitud de cat\u00e1logos de papel Nastri Brizzolari","description":"\u00bfQuieres solicitar los cat\u00e1logos en papel de Nastri Brizzolari? Rellena el formulario y los recibir\u00e1s en unos d\u00edas laborables.","robots":{"index":"index","follow":"follow","max-snippet":"max-snippet:-1","max-image-preview":"max-image-preview:large","max-video-preview":"max-video-preview:-1"},"canonical":"https:\/\/download.nastribrizzolari.com\/es\/solicitar-catalogos-en-papel\/","og_locale":"es_ES","og_type":"article","og_title":"Solicitud de cat\u00e1logos de papel Nastri Brizzolari","og_description":"\u00bfQuieres solicitar los cat\u00e1logos en papel de Nastri Brizzolari? Rellena el formulario y los recibir\u00e1s en unos d\u00edas laborables.","og_url":"https:\/\/download.nastribrizzolari.com\/es\/solicitar-catalogos-en-papel\/","og_site_name":"Nastri Brizzolari Area riservata","article_publisher":"https:\/\/www.facebook.com\/brizzolariribbons\/","article_modified_time":"2021-05-05T07:49:25+00:00","twitter_card":"summary_large_image","twitter_misc":{"Tiempo de lectura":"1 minuto"},"schema":{"@context":"https:\/\/schema.org","@graph":[{"@type":"WebPage","@id":"https:\/\/download.nastribrizzolari.com\/es\/solicitar-catalogos-en-papel\/","url":"https:\/\/download.nastribrizzolari.com\/es\/solicitar-catalogos-en-papel\/","name":"Solicitud de cat\u00e1logos de papel Nastri Brizzolari","isPartOf":{"@id":"https:\/\/download.nastribrizzolari.com\/es\/#website"},"datePublished":"2021-05-04T07:54:46+00:00","dateModified":"2021-05-05T07:49:25+00:00","description":"\u00bfQuieres solicitar los cat\u00e1logos en papel de Nastri Brizzolari? Rellena el formulario y los recibir\u00e1s en unos d\u00edas laborables.","breadcrumb":{"@id":"https:\/\/download.nastribrizzolari.com\/es\/solicitar-catalogos-en-papel\/#breadcrumb"},"inLanguage":"es","potentialAction":[{"@type":"ReadAction","target":["https:\/\/download.nastribrizzolari.com\/es\/solicitar-catalogos-en-papel\/"]}]},{"@type":"BreadcrumbList","@id":"https:\/\/download.nastribrizzolari.com\/es\/solicitar-catalogos-en-papel\/#breadcrumb","itemListElement":[{"@type":"ListItem","position":1,"name":"Home","item":"https:\/\/download.nastribrizzolari.com\/es\/"},{"@type":"ListItem","position":2,"name":"Solicitar cat\u00e1logos en papel"}]},{"@type":"WebSite","@id":"https:\/\/download.nastribrizzolari.com\/es\/#website","url":"https:\/\/download.nastribrizzolari.com\/es\/","name":"Nastri Brizzolari Area riservata","description":"Area riservata download","publisher":{"@id":"https:\/\/download.nastribrizzolari.com\/es\/#organization"},"potentialAction":[{"@type":"SearchAction","target":{"@type":"EntryPoint","urlTemplate":"https:\/\/download.nastribrizzolari.com\/es\/?s={search_term_string}"},"query-input":{"@type":"PropertyValueSpecification","valueRequired":true,"valueName":"search_term_string"}}],"inLanguage":"es"},{"@type":"Organization","@id":"https:\/\/download.nastribrizzolari.com\/es\/#organization","name":"FRANCESCO BRIZZOLARI SRL","url":"https:\/\/download.nastribrizzolari.com\/es\/","logo":{"@type":"ImageObject","inLanguage":"es","@id":"https:\/\/download.nastribrizzolari.com\/es\/#\/schema\/logo\/image\/","url":"https:\/\/download.nastribrizzolari.com\/wp-content\/uploads\/2021\/05\/logo-brizzolari.png","contentUrl":"https:\/\/download.nastribrizzolari.com\/wp-content\/uploads\/2021\/05\/logo-brizzolari.png","width":296,"height":90,"caption":"FRANCESCO BRIZZOLARI SRL"},"image":{"@id":"https:\/\/download.nastribrizzolari.com\/es\/#\/schema\/logo\/image\/"},"sameAs":["https:\/\/www.facebook.com\/brizzolariribbons\/","https:\/\/www.instagram.com\/nastribrizzolari\/","https:\/\/it.pinterest.com\/brizzolaripin\/","https:\/\/www.youtube.com\/user\/NastriBrizzolari"]}]}},"_links":{"self":[{"href":"https:\/\/download.nastribrizzolari.com\/es\/wp-json\/wp\/v2\/pages\/464","targetHints":{"allow":["GET"]}}],"collection":[{"href":"https:\/\/download.nastribrizzolari.com\/es\/wp-json\/wp\/v2\/pages"}],"about":[{"href":"https:\/\/download.nastribrizzolari.com\/es\/wp-json\/wp\/v2\/types\/page"}],"author":[{"embeddable":true,"href":"https:\/\/download.nastribrizzolari.com\/es\/wp-json\/wp\/v2\/users\/1"}],"replies":[{"embeddable":true,"href":"https:\/\/download.nastribrizzolari.com\/es\/wp-json\/wp\/v2\/comments?post=464"}],"version-history":[{"count":0,"href":"https:\/\/download.nastribrizzolari.com\/es\/wp-json\/wp\/v2\/pages\/464\/revisions"}],"wp:attachment":[{"href":"https:\/\/download.nastribrizzolari.com\/es\/wp-json\/wp\/v2\/media?parent=464"}],"curies":[{"name":"wp","href":"https:\/\/api.w.org\/{rel}","templated":true}]}}