{"id":13,"date":"2021-04-14T17:14:02","date_gmt":"2021-04-14T15:14:02","guid":{"rendered":"http:\/\/download.nastribrizzolari.com\/?page_id=13"},"modified":"2025-10-22T09:46:13","modified_gmt":"2025-10-22T07:46:13","slug":"home-es","status":"publish","type":"page","link":"https:\/\/download.nastribrizzolari.com\/es\/","title":{"rendered":"Bienvenidos a nuestra \u00e1rea reservada"},"content":{"rendered":"<div class=\"wpb-content-wrapper\"><p>[vc_row][vc_column][vc_column_text]<\/p>\n<p style=\"text-align: center;\"><strong>Aqu\u00ed puede descargar todos nuestros cat\u00e1logos en PDF de forma gratuita.<\/strong><\/p>\n<p style=\"text-align: center;\">Si ya tiene una cuenta, <strong>inicie sesi\u00f3n<\/strong> en el formulario a continuaci\u00f3n, si a\u00fan no tiene una, <a href=\"https:\/\/download.nastribrizzolari.com\/es\/wp-login.php?action=register\"><strong>reg\u00edstrese aqu\u00ed<\/strong><\/a>.<\/p>\n<p>[\/vc_column_text][vc_single_image source=\u00bbfeatured_image\u00bb img_size=\u00bbfull\u00bb alignment=\u00bbcenter\u00bb css_animation=\u00bbfadeIn\u00bb css=\u00bb.vc_custom_1639149339329{margin-bottom: 0px !important;}\u00bb][\/vc_column][\/vc_row][vc_row][vc_column offset=\u00bbvc_col-lg-offset-2 vc_col-lg-8 vc_col-md-offset-1 vc_col-md-10&#8243;][vc_column_text css=\u00bb.vc_custom_1620124074385{margin-bottom: 15px !important;}\u00bb]<\/p>\n<p style=\"text-align: center;\">Despu\u00e9s de iniciar sesi\u00f3n, ser\u00e1 redirigido a la p\u00e1gina donde puede descargar uno o m\u00e1s de nuestros cat\u00e1logos en PDF de forma gratuita.<\/p>\n<p>[\/vc_column_text][vc_column_text el_class=\u00bbtext-center\u00bb css=\u00bb.vc_custom_1620136677828{margin-bottom: 15px !important;}\u00bb]<form name=\"loginform\" id=\"loginform\" action=\"https:\/\/download.nastribrizzolari.com\/es\/wp-login.php\" method=\"post\"><p class=\"login-username\">\n\t\t\t\t<label for=\"user_login\">Nombre de usuario o correo electr\u00f3nico<\/label>\n\t\t\t\t<input type=\"text\" name=\"log\" id=\"user_login\" autocomplete=\"username\" class=\"input\" value=\"\" size=\"20\" \/>\n\t\t\t<\/p><p class=\"login-password\">\n\t\t\t\t<label for=\"user_pass\">Contrase\u00f1a<\/label>\n\t\t\t\t<input type=\"password\" name=\"pwd\" id=\"user_pass\" autocomplete=\"current-password\" spellcheck=\"false\" class=\"input\" value=\"\" size=\"20\" \/>\n\t\t\t<\/p><p class=\"login-remember\"><label><input name=\"rememberme\" type=\"checkbox\" id=\"rememberme\" value=\"forever\" checked=\"checked\" \/> Recu\u00e9rdame<\/label><\/p><p class=\"login-submit\">\n\t\t\t\t<input type=\"submit\" name=\"wp-submit\" id=\"wp-submit\" class=\"button button-primary\" value=\"Acceder\" \/>\n\t\t\t\t<input type=\"hidden\" name=\"redirect_to\" value=\"https:\/\/download.nastribrizzolari.com\/cataloghi\/\" \/>\n\t\t\t<\/p><a class=\"informativa\" href=\"\/wp-login.php?action=lostpassword\">Reset Password<\/a><\/form>[\/vc_column_text][vc_column_text el_class=\u00bbtext-center\u00bb css=\u00bb.vc_custom_1620136723465{margin-bottom: 15px !important;}\u00bb]<\/p>\n<p style=\"text-align: center;\">\u00bfA\u00fan no tienes una cuenta? <a href=\"https:\/\/download.nastribrizzolari.com\/es\/wp-login.php?action=register\"><strong>Registrarse<\/strong><\/a>.<\/p>\n<p>[\/vc_column_text][vc_empty_space][\/vc_column][\/vc_row][vc_row][vc_column][vc_separator][vc_empty_space][vc_column_text css=\u00bb.vc_custom_1620124127407{margin-bottom: 15px !important;}\u00bb]<\/p>\n<p style=\"text-align: center;\">\u00bfLe gustar\u00eda recibir una copia impresa de nuestros cat\u00e1logos?<\/p>\n<p>[\/vc_column_text][vc_btn title=\u00bbSolicitar cat\u00e1logo de papel\u00bb style=\u00bboutline-custom\u00bb outline_custom_color=\u00bb#11242e\u00bb outline_custom_hover_background=\u00bb#11242e\u00bb outline_custom_hover_text=\u00bb#ffffff\u00bb shape=\u00bbsquare\u00bb size=\u00bbsm\u00bb align=\u00bbcenter\u00bb link=\u00bburl:http%3A%2F%2Fdownload.nastribrizzolari.com%2Fes%2Fsolicitar-catalogos-en-papel%2F|title:Solicitar%20cat%C3%A1logos%20en%20papel\u00bb][\/vc_column][\/vc_row]<\/p>\n<\/div>","protected":false},"excerpt":{"rendered":"<p>[vc_row][vc_column][vc_column_text] Aqu\u00ed puede descargar todos nuestros cat\u00e1logos en PDF de forma gratuita. Si ya tiene una cuenta, inicie sesi\u00f3n en el formulario a continuaci\u00f3n, si a\u00fan no tiene una, reg\u00edstrese aqu\u00ed. [\/vc_column_text][vc_single_image source=\u00bbfeatured_image\u00bb img_size=\u00bbfull\u00bb alignment=\u00bbcenter\u00bb css_animation=\u00bbfadeIn\u00bb css=\u00bb.vc_custom_1639149339329{margin-bottom: 0px !important;}\u00bb][\/vc_column][\/vc_row][vc_row][vc_column offset=\u00bbvc_col-lg-offset-2 vc_col-lg-8 vc_col-md-offset-1 vc_col-md-10&#8243;][vc_column_text css=\u00bb.vc_custom_1620124074385{margin-bottom: 15px !important;}\u00bb] Despu\u00e9s de iniciar sesi\u00f3n, ser\u00e1 redirigido a la p\u00e1gina&hellip;<\/p>\n","protected":false},"author":1,"featured_media":1471,"parent":0,"menu_order":0,"comment_status":"closed","ping_status":"open","template":"","meta":{"footnotes":""},"class_list":["post-13","page","type-page","status-publish","has-post-thumbnail","hentry","description-off"],"yoast_head":"<!-- This site is optimized with the Yoast SEO plugin v27.5 - https:\/\/yoast.com\/product\/yoast-seo-wordpress\/ -->\n<title>Descarga los cat\u00e1logos de Nastri Brizzolari: accede al \u00e1rea reservada<\/title>\n<meta name=\"description\" content=\"\u00bfQuieres descargar los cat\u00e1logos PDF de Nastri Brizzolari, TUOribbon y TUOlace? Accede al \u00e1rea reservada. Registrarse es muy sencillo.\" \/>\n<meta name=\"robots\" content=\"index, follow, max-snippet:-1, max-image-preview:large, max-video-preview:-1\" \/>\n<link rel=\"canonical\" href=\"https:\/\/download.nastribrizzolari.com\/es\/\" \/>\n<meta property=\"og:locale\" content=\"es_ES\" \/>\n<meta property=\"og:type\" content=\"article\" \/>\n<meta property=\"og:title\" content=\"Descarga los cat\u00e1logos de Nastri Brizzolari: accede al \u00e1rea reservada\" \/>\n<meta property=\"og:description\" content=\"\u00bfQuieres descargar los cat\u00e1logos PDF de Nastri Brizzolari, TUOribbon y TUOlace? Accede al \u00e1rea reservada. Registrarse es muy sencillo.\" \/>\n<meta property=\"og:url\" content=\"https:\/\/download.nastribrizzolari.com\/es\/\" \/>\n<meta property=\"og:site_name\" content=\"Nastri Brizzolari Area riservata\" \/>\n<meta property=\"article:publisher\" content=\"https:\/\/www.facebook.com\/brizzolariribbons\/\" \/>\n<meta property=\"article:modified_time\" content=\"2025-10-22T07:46:13+00:00\" \/>\n<meta property=\"og:image\" content=\"https:\/\/download.nastribrizzolari.com\/wp-content\/uploads\/2025\/10\/composit-cataloghi-2026.jpg\" \/>\n\t<meta property=\"og:image:width\" content=\"1170\" \/>\n\t<meta property=\"og:image:height\" content=\"358\" \/>\n\t<meta property=\"og:image:type\" content=\"image\/jpeg\" \/>\n<meta name=\"twitter:card\" content=\"summary_large_image\" \/>\n<meta name=\"twitter:label1\" content=\"Tiempo de lectura\" \/>\n\t<meta name=\"twitter:data1\" content=\"1 minuto\" \/>\n<script type=\"application\/ld+json\" class=\"yoast-schema-graph\">{\"@context\":\"https:\\\/\\\/schema.org\",\"@graph\":[{\"@type\":\"WebPage\",\"@id\":\"https:\\\/\\\/download.nastribrizzolari.com\\\/es\\\/\",\"url\":\"https:\\\/\\\/download.nastribrizzolari.com\\\/es\\\/\",\"name\":\"Descarga los cat\u00e1logos de Nastri Brizzolari: accede al \u00e1rea reservada\",\"isPartOf\":{\"@id\":\"https:\\\/\\\/download.nastribrizzolari.com\\\/es\\\/#website\"},\"primaryImageOfPage\":{\"@id\":\"https:\\\/\\\/download.nastribrizzolari.com\\\/es\\\/#primaryimage\"},\"image\":{\"@id\":\"https:\\\/\\\/download.nastribrizzolari.com\\\/es\\\/#primaryimage\"},\"thumbnailUrl\":\"https:\\\/\\\/download.nastribrizzolari.com\\\/wp-content\\\/uploads\\\/2026\\\/01\\\/composit-cataloghi-2026.jpg\",\"datePublished\":\"2021-04-14T15:14:02+00:00\",\"dateModified\":\"2025-10-22T07:46:13+00:00\",\"description\":\"\u00bfQuieres descargar los cat\u00e1logos PDF de Nastri Brizzolari, TUOribbon y TUOlace? Accede al \u00e1rea reservada. Registrarse es muy sencillo.\",\"breadcrumb\":{\"@id\":\"https:\\\/\\\/download.nastribrizzolari.com\\\/es\\\/#breadcrumb\"},\"inLanguage\":\"es\",\"potentialAction\":[{\"@type\":\"ReadAction\",\"target\":[\"https:\\\/\\\/download.nastribrizzolari.com\\\/es\\\/\"]}]},{\"@type\":\"ImageObject\",\"inLanguage\":\"es\",\"@id\":\"https:\\\/\\\/download.nastribrizzolari.com\\\/es\\\/#primaryimage\",\"url\":\"https:\\\/\\\/download.nastribrizzolari.com\\\/wp-content\\\/uploads\\\/2026\\\/01\\\/composit-cataloghi-2026.jpg\",\"contentUrl\":\"https:\\\/\\\/download.nastribrizzolari.com\\\/wp-content\\\/uploads\\\/2026\\\/01\\\/composit-cataloghi-2026.jpg\",\"width\":1170,\"height\":358,\"caption\":\"Cataloghi Nastri Brizzolari 2026\"},{\"@type\":\"BreadcrumbList\",\"@id\":\"https:\\\/\\\/download.nastribrizzolari.com\\\/es\\\/#breadcrumb\",\"itemListElement\":[{\"@type\":\"ListItem\",\"position\":1,\"name\":\"Home\",\"item\":\"https:\\\/\\\/download.nastribrizzolari.com\\\/es\\\/\"},{\"@type\":\"ListItem\",\"position\":2,\"name\":\"Bienvenidos a nuestra \u00e1rea reservada\"}]},{\"@type\":\"WebSite\",\"@id\":\"https:\\\/\\\/download.nastribrizzolari.com\\\/es\\\/#website\",\"url\":\"https:\\\/\\\/download.nastribrizzolari.com\\\/es\\\/\",\"name\":\"Nastri Brizzolari Area riservata\",\"description\":\"Area riservata download\",\"publisher\":{\"@id\":\"https:\\\/\\\/download.nastribrizzolari.com\\\/es\\\/#organization\"},\"potentialAction\":[{\"@type\":\"SearchAction\",\"target\":{\"@type\":\"EntryPoint\",\"urlTemplate\":\"https:\\\/\\\/download.nastribrizzolari.com\\\/es\\\/?s={search_term_string}\"},\"query-input\":{\"@type\":\"PropertyValueSpecification\",\"valueRequired\":true,\"valueName\":\"search_term_string\"}}],\"inLanguage\":\"es\"},{\"@type\":\"Organization\",\"@id\":\"https:\\\/\\\/download.nastribrizzolari.com\\\/es\\\/#organization\",\"name\":\"FRANCESCO BRIZZOLARI SRL\",\"url\":\"https:\\\/\\\/download.nastribrizzolari.com\\\/es\\\/\",\"logo\":{\"@type\":\"ImageObject\",\"inLanguage\":\"es\",\"@id\":\"https:\\\/\\\/download.nastribrizzolari.com\\\/es\\\/#\\\/schema\\\/logo\\\/image\\\/\",\"url\":\"https:\\\/\\\/download.nastribrizzolari.com\\\/wp-content\\\/uploads\\\/2021\\\/05\\\/logo-brizzolari.png\",\"contentUrl\":\"https:\\\/\\\/download.nastribrizzolari.com\\\/wp-content\\\/uploads\\\/2021\\\/05\\\/logo-brizzolari.png\",\"width\":296,\"height\":90,\"caption\":\"FRANCESCO BRIZZOLARI SRL\"},\"image\":{\"@id\":\"https:\\\/\\\/download.nastribrizzolari.com\\\/es\\\/#\\\/schema\\\/logo\\\/image\\\/\"},\"sameAs\":[\"https:\\\/\\\/www.facebook.com\\\/brizzolariribbons\\\/\",\"https:\\\/\\\/www.instagram.com\\\/nastribrizzolari\\\/\",\"https:\\\/\\\/it.pinterest.com\\\/brizzolaripin\\\/\",\"https:\\\/\\\/www.youtube.com\\\/user\\\/NastriBrizzolari\"]}]}<\/script>\n<!-- \/ Yoast SEO plugin. -->","yoast_head_json":{"title":"Descarga los cat\u00e1logos de Nastri Brizzolari: accede al \u00e1rea reservada","description":"\u00bfQuieres descargar los cat\u00e1logos PDF de Nastri Brizzolari, TUOribbon y TUOlace? Accede al \u00e1rea reservada. Registrarse es muy sencillo.","robots":{"index":"index","follow":"follow","max-snippet":"max-snippet:-1","max-image-preview":"max-image-preview:large","max-video-preview":"max-video-preview:-1"},"canonical":"https:\/\/download.nastribrizzolari.com\/es\/","og_locale":"es_ES","og_type":"article","og_title":"Descarga los cat\u00e1logos de Nastri Brizzolari: accede al \u00e1rea reservada","og_description":"\u00bfQuieres descargar los cat\u00e1logos PDF de Nastri Brizzolari, TUOribbon y TUOlace? Accede al \u00e1rea reservada. Registrarse es muy sencillo.","og_url":"https:\/\/download.nastribrizzolari.com\/es\/","og_site_name":"Nastri Brizzolari Area riservata","article_publisher":"https:\/\/www.facebook.com\/brizzolariribbons\/","article_modified_time":"2025-10-22T07:46:13+00:00","og_image":[{"width":1170,"height":358,"url":"https:\/\/download.nastribrizzolari.com\/wp-content\/uploads\/2025\/10\/composit-cataloghi-2026.jpg","type":"image\/jpeg"}],"twitter_card":"summary_large_image","twitter_misc":{"Tiempo de lectura":"1 minuto"},"schema":{"@context":"https:\/\/schema.org","@graph":[{"@type":"WebPage","@id":"https:\/\/download.nastribrizzolari.com\/es\/","url":"https:\/\/download.nastribrizzolari.com\/es\/","name":"Descarga los cat\u00e1logos de Nastri Brizzolari: accede al \u00e1rea reservada","isPartOf":{"@id":"https:\/\/download.nastribrizzolari.com\/es\/#website"},"primaryImageOfPage":{"@id":"https:\/\/download.nastribrizzolari.com\/es\/#primaryimage"},"image":{"@id":"https:\/\/download.nastribrizzolari.com\/es\/#primaryimage"},"thumbnailUrl":"https:\/\/download.nastribrizzolari.com\/wp-content\/uploads\/2026\/01\/composit-cataloghi-2026.jpg","datePublished":"2021-04-14T15:14:02+00:00","dateModified":"2025-10-22T07:46:13+00:00","description":"\u00bfQuieres descargar los cat\u00e1logos PDF de Nastri Brizzolari, TUOribbon y TUOlace? Accede al \u00e1rea reservada. Registrarse es muy sencillo.","breadcrumb":{"@id":"https:\/\/download.nastribrizzolari.com\/es\/#breadcrumb"},"inLanguage":"es","potentialAction":[{"@type":"ReadAction","target":["https:\/\/download.nastribrizzolari.com\/es\/"]}]},{"@type":"ImageObject","inLanguage":"es","@id":"https:\/\/download.nastribrizzolari.com\/es\/#primaryimage","url":"https:\/\/download.nastribrizzolari.com\/wp-content\/uploads\/2026\/01\/composit-cataloghi-2026.jpg","contentUrl":"https:\/\/download.nastribrizzolari.com\/wp-content\/uploads\/2026\/01\/composit-cataloghi-2026.jpg","width":1170,"height":358,"caption":"Cataloghi Nastri Brizzolari 2026"},{"@type":"BreadcrumbList","@id":"https:\/\/download.nastribrizzolari.com\/es\/#breadcrumb","itemListElement":[{"@type":"ListItem","position":1,"name":"Home","item":"https:\/\/download.nastribrizzolari.com\/es\/"},{"@type":"ListItem","position":2,"name":"Bienvenidos a nuestra \u00e1rea reservada"}]},{"@type":"WebSite","@id":"https:\/\/download.nastribrizzolari.com\/es\/#website","url":"https:\/\/download.nastribrizzolari.com\/es\/","name":"Nastri Brizzolari Area riservata","description":"Area riservata download","publisher":{"@id":"https:\/\/download.nastribrizzolari.com\/es\/#organization"},"potentialAction":[{"@type":"SearchAction","target":{"@type":"EntryPoint","urlTemplate":"https:\/\/download.nastribrizzolari.com\/es\/?s={search_term_string}"},"query-input":{"@type":"PropertyValueSpecification","valueRequired":true,"valueName":"search_term_string"}}],"inLanguage":"es"},{"@type":"Organization","@id":"https:\/\/download.nastribrizzolari.com\/es\/#organization","name":"FRANCESCO BRIZZOLARI SRL","url":"https:\/\/download.nastribrizzolari.com\/es\/","logo":{"@type":"ImageObject","inLanguage":"es","@id":"https:\/\/download.nastribrizzolari.com\/es\/#\/schema\/logo\/image\/","url":"https:\/\/download.nastribrizzolari.com\/wp-content\/uploads\/2021\/05\/logo-brizzolari.png","contentUrl":"https:\/\/download.nastribrizzolari.com\/wp-content\/uploads\/2021\/05\/logo-brizzolari.png","width":296,"height":90,"caption":"FRANCESCO BRIZZOLARI SRL"},"image":{"@id":"https:\/\/download.nastribrizzolari.com\/es\/#\/schema\/logo\/image\/"},"sameAs":["https:\/\/www.facebook.com\/brizzolariribbons\/","https:\/\/www.instagram.com\/nastribrizzolari\/","https:\/\/it.pinterest.com\/brizzolaripin\/","https:\/\/www.youtube.com\/user\/NastriBrizzolari"]}]}},"_links":{"self":[{"href":"https:\/\/download.nastribrizzolari.com\/es\/wp-json\/wp\/v2\/pages\/13","targetHints":{"allow":["GET"]}}],"collection":[{"href":"https:\/\/download.nastribrizzolari.com\/es\/wp-json\/wp\/v2\/pages"}],"about":[{"href":"https:\/\/download.nastribrizzolari.com\/es\/wp-json\/wp\/v2\/types\/page"}],"author":[{"embeddable":true,"href":"https:\/\/download.nastribrizzolari.com\/es\/wp-json\/wp\/v2\/users\/1"}],"replies":[{"embeddable":true,"href":"https:\/\/download.nastribrizzolari.com\/es\/wp-json\/wp\/v2\/comments?post=13"}],"version-history":[{"count":1,"href":"https:\/\/download.nastribrizzolari.com\/es\/wp-json\/wp\/v2\/pages\/13\/revisions"}],"predecessor-version":[{"id":1081,"href":"https:\/\/download.nastribrizzolari.com\/es\/wp-json\/wp\/v2\/pages\/13\/revisions\/1081"}],"wp:featuredmedia":[{"embeddable":true,"href":"https:\/\/download.nastribrizzolari.com\/es\/wp-json\/wp\/v2\/media\/1471"}],"wp:attachment":[{"href":"https:\/\/download.nastribrizzolari.com\/es\/wp-json\/wp\/v2\/media?parent=13"}],"curies":[{"name":"wp","href":"https:\/\/api.w.org\/{rel}","templated":true}]}}